{"id":546,"date":"2024-08-29T18:15:25","date_gmt":"2024-08-29T18:15:25","guid":{"rendered":"https:\/\/test.newberry.org\/indigenous-chicago\/?page_id=546"},"modified":"2025-05-13T20:17:33","modified_gmt":"2025-05-13T20:17:33","slug":"exhibition-overview","status":"publish","type":"page","link":"https:\/\/test.newberry.org\/indigenous-chicago\/exhibition-overview\/","title":{"rendered":"Exhibition Overview"},"content":{"rendered":"\t\t<div data-elementor-type=\"wp-page\" data-elementor-id=\"546\" class=\"elementor elementor-546\" data-elementor-post-type=\"page\">\n\t\t\t\t<div class=\"elementor-element elementor-element-e955822 e-con-full e-flex e-con e-parent\" data-id=\"e955822\" data-element_type=\"container\" data-e-type=\"container\" data-settings=\"{&quot;background_background&quot;:&quot;classic&quot;}\">\n\t\t\t\t<div class=\"elementor-element elementor-element-1025fc6 elementor-widget elementor-widget-heading\" data-id=\"1025fc6\" data-element_type=\"widget\" data-e-type=\"widget\" data-widget_type=\"heading.default\">\n\t\t\t\t<div class=\"elementor-widget-container\">\n\t\t\t\t\t<h1 class=\"elementor-heading-title elementor-size-default\">Exhibition<\/h1>\t\t\t\t<\/div>\n\t\t\t\t<\/div>\n\t\t\t\t<\/div>\n\t\t<div class=\"elementor-element elementor-element-ab52332 e-flex e-con-boxed e-con e-parent\" data-id=\"ab52332\" data-element_type=\"container\" data-e-type=\"container\">\n\t\t\t\t\t<div class=\"e-con-inner\">\n\t\t\t\t<div class=\"elementor-element elementor-element-4fdc875 elementor-widget elementor-widget-video\" data-id=\"4fdc875\" data-element_type=\"widget\" data-e-type=\"widget\" data-settings=\"{&quot;youtube_url&quot;:&quot;https:\\\/\\\/www.youtube.com\\\/watch?v=1bYbeSMvPEQ&quot;,&quot;video_type&quot;:&quot;youtube&quot;,&quot;controls&quot;:&quot;yes&quot;}\" data-widget_type=\"video.default\">\n\t\t\t\t<div class=\"elementor-widget-container\">\n\t\t\t\t\t\t\t<div class=\"elementor-wrapper elementor-open-inline\">\n\t\t\t<div class=\"elementor-video\"><\/div>\t\t<\/div>\n\t\t\t\t\t\t<\/div>\n\t\t\t\t<\/div>\n\t\t\t\t\t<\/div>\n\t\t\t\t<\/div>\n\t\t<div class=\"elementor-element elementor-element-030c897 e-flex e-con-boxed e-con e-parent\" data-id=\"030c897\" data-element_type=\"container\" data-e-type=\"container\">\n\t\t\t\t\t<div class=\"e-con-inner\">\n\t\t\t\t<div class=\"elementor-element elementor-element-340f733 elementor-widget elementor-widget-heading\" data-id=\"340f733\" data-element_type=\"widget\" data-e-type=\"widget\" data-widget_type=\"heading.default\">\n\t\t\t\t<div class=\"elementor-widget-container\">\n\t\t\t\t\t<h2 class=\"elementor-heading-title elementor-size-default\"><b><i>Indigenous Chicago<br><\/i><\/b>\nSeptember 12, 2024 - January 4, 2025<br>\nNewberry Library<\/h2>\t\t\t\t<\/div>\n\t\t\t\t<\/div>\n\t\t\t\t<div class=\"elementor-element elementor-element-077cb86 elementor-widget elementor-widget-text-editor\" data-id=\"077cb86\" data-element_type=\"widget\" data-e-type=\"widget\" data-widget_type=\"text-editor.default\">\n\t\t\t\t<div class=\"elementor-widget-container\">\n\t\t\t\t\t\t\t\t\t<p>Home to the Potawatomi, Odawa, Ojibwe, Peoria, Kaskaskia, Myaamia, Wea, Sauk, Meskwaki, and Ho-Chunk peoples, the place we now call Chicago\u00a0has long been a historic crossroads for many Indigenous people and remains home to an extensive urban Native community. Yet most Chicagoans are unaware of the city\u2019s history as a home to diverse Indigenous peoples and the vibrant Indigenous communities present today.<\/p><p>Part of a multifaceted initiative developed in partnership between the Newberry, advisors from the Chicago Native community, and representatives from tribal nations with historic connections to Chicago,\u00a0<i>Indigenous Chicago<\/i>\u00a0reflects the dynamic and complex aspects of Native life in Chicago from the seventeenth\u00a0century to the present. The exhibition draws largely on the Newberry\u2019s collection while also showcasing new work by contemporary Native artists, including Jason Wesaw (Pokagon Band of Potawatomi), Camille \u201cKatahtu\u2019ntha\u201d Billie (Oneida and\u00a0Din\u00e9), and Jim Terry (Ho-Chunk).<\/p>\t\t\t\t\t\t\t\t<\/div>\n\t\t\t\t<\/div>\n\t\t\t\t<div class=\"elementor-element elementor-element-7bcd489 elementor-widget elementor-widget-heading\" data-id=\"7bcd489\" data-element_type=\"widget\" data-e-type=\"widget\" data-widget_type=\"heading.default\">\n\t\t\t\t<div class=\"elementor-widget-container\">\n\t\t\t\t\t<h2 class=\"elementor-heading-title elementor-size-default\">Curators<\/h2>\t\t\t\t<\/div>\n\t\t\t\t<\/div>\n\t\t\t\t<div class=\"elementor-element elementor-element-b371c99 elementor-widget elementor-widget-text-editor\" data-id=\"b371c99\" data-element_type=\"widget\" data-e-type=\"widget\" data-widget_type=\"text-editor.default\">\n\t\t\t\t<div class=\"elementor-widget-container\">\n\t\t\t\t\t\t\t\t\t<ul><li>Rose Miron, Director of the D\u2019Arcy McNickle Center for American Indian and Indigenous Studies<\/li><li>Anal\u00fa Mar\u00eda L\u00f3pez (Huachichil\/Xi\u2019iui), Ayer Librarian and Assistant Curator of American Indian and Indigenous Studies<\/li><li>Doug Kiel (Oneida), Department of History, Northwestern University<\/li><li>Dave Spencer (Mississippi Chata\/Din\u00e9), American Indian Center of Chicago<\/li><\/ul>\t\t\t\t\t\t\t\t<\/div>\n\t\t\t\t<\/div>\n\t\t\t\t<div class=\"elementor-element elementor-element-ece0f8e elementor-widget elementor-widget-spacer\" data-id=\"ece0f8e\" data-element_type=\"widget\" data-e-type=\"widget\" data-widget_type=\"spacer.default\">\n\t\t\t\t<div class=\"elementor-widget-container\">\n\t\t\t\t\t\t\t<div class=\"elementor-spacer\">\n\t\t\t<div class=\"elementor-spacer-inner\"><\/div>\n\t\t<\/div>\n\t\t\t\t\t\t<\/div>\n\t\t\t\t<\/div>\n\t\t\t\t<div class=\"elementor-element elementor-element-ccd99e0 elementor-cta--layout-image-left elementor-cta--mobile-layout-image-above elementor-cta--skin-classic elementor-animated-content elementor-bg-transform elementor-bg-transform-zoom-in elementor-widget elementor-widget-call-to-action\" data-id=\"ccd99e0\" data-element_type=\"widget\" data-e-type=\"widget\" data-widget_type=\"call-to-action.default\">\n\t\t\t\t<div class=\"elementor-widget-container\">\n\t\t\t\t\t\t\t<div class=\"elementor-cta\">\n\t\t\t\t\t<div class=\"elementor-cta__bg-wrapper\">\n\t\t\t\t<div class=\"elementor-cta__bg elementor-bg\" style=\"background-image: url(https:\/\/test.newberry.org\/indigenous-chicago\/wp-content\/uploads\/2024\/10\/Indigenous_Exhibit_013-Large-1024x683.jpeg);\" role=\"img\" aria-label=\"Newberry Library Indigenous Chicago exhibition opening and community reception, September 12, 2024\n\nIndigenous Chicago Exhibition\"><\/div>\n\t\t\t\t<div class=\"elementor-cta__bg-overlay\"><\/div>\n\t\t\t<\/div>\n\t\t\t\t\t\t\t<div class=\"elementor-cta__content\">\n\t\t\t\t\n\t\t\t\t\t\t\t\t\t<h2 class=\"elementor-cta__title elementor-cta__content-item elementor-content-item\">\n\t\t\t\t\t\tExhibition Audio Tour\t\t\t\t\t<\/h2>\n\t\t\t\t\n\t\t\t\t\t\t\t\t\t<div class=\"elementor-cta__description elementor-cta__content-item elementor-content-item\">\n\t\t\t\t\t\tConsisting of 11 stops, our audio tour takes you through the highlights of the exhibition. The tour can be completed online, or in the gallery as you explore the items on display.\t\t\t\t\t<\/div>\n\t\t\t\t\n\t\t\t\t\t\t\t\t\t<div class=\"elementor-cta__button-wrapper elementor-cta__content-item elementor-content-item \">\n\t\t\t\t\t<a class=\"elementor-cta__button elementor-button elementor-size-\" href=\"https:\/\/test.newberry.org\/indigenous-chicago\/exhibition-overview\/audio-tour\/\" target=\"_blank\">\n\t\t\t\t\t\tListen Now\t\t\t\t\t<\/a>\n\t\t\t\t\t<\/div>\n\t\t\t\t\t\t\t<\/div>\n\t\t\t\t\t\t<\/div>\n\t\t\t\t\t\t<\/div>\n\t\t\t\t<\/div>\n\t\t\t\t\t<\/div>\n\t\t\t\t<\/div>\n\t\t<div class=\"elementor-element elementor-element-4cceaed e-flex e-con-boxed e-con e-parent\" data-id=\"4cceaed\" data-element_type=\"container\" data-e-type=\"container\">\n\t\t\t\t\t<div class=\"e-con-inner\">\n\t\t\t\t<div class=\"elementor-element elementor-element-486b1b3 elementor-skin-carousel elementor-arrows-yes elementor-pagination-type-bullets elementor-pagination-position-outside elementor-widget elementor-widget-media-carousel\" data-id=\"486b1b3\" data-element_type=\"widget\" data-e-type=\"widget\" data-settings=\"{&quot;skin&quot;:&quot;carousel&quot;,&quot;effect&quot;:&quot;slide&quot;,&quot;show_arrows&quot;:&quot;yes&quot;,&quot;pagination&quot;:&quot;bullets&quot;,&quot;speed&quot;:500,&quot;autoplay&quot;:&quot;yes&quot;,&quot;autoplay_speed&quot;:5000,&quot;loop&quot;:&quot;yes&quot;,&quot;pause_on_hover&quot;:&quot;yes&quot;,&quot;pause_on_interaction&quot;:&quot;yes&quot;,&quot;space_between&quot;:{&quot;unit&quot;:&quot;px&quot;,&quot;size&quot;:10,&quot;sizes&quot;:[]},&quot;space_between_tablet&quot;:{&quot;unit&quot;:&quot;px&quot;,&quot;size&quot;:10,&quot;sizes&quot;:[]},&quot;space_between_mobile&quot;:{&quot;unit&quot;:&quot;px&quot;,&quot;size&quot;:10,&quot;sizes&quot;:[]}}\" data-widget_type=\"media-carousel.default\">\n\t\t\t\t<div class=\"elementor-widget-container\">\n\t\t\t\t\t\t\t\t\t<div class=\"elementor-swiper\">\n\t\t\t\t\t<div class=\"elementor-main-swiper swiper\" role=\"region\" aria-roledescription=\"carousel\" aria-label=\"Slides\">\n\t\t\t\t<div class=\"swiper-wrapper\">\n\t\t\t\t\t\t\t\t\t\t\t<div class=\"swiper-slide\" role=\"group\" aria-roledescription=\"slide\">\n\t\t\t\t\t\t\t\t\t<div class=\"elementor-carousel-image\" role=\"img\" aria-label=\"Newberry Library Indigenous Chicago exhibition opening and community reception, September 12, 2024\n\nIndigenous Chicago Exhibition\" style=\"background-image: url(&#039;https:\/\/test.newberry.org\/indigenous-chicago\/wp-content\/uploads\/2024\/10\/Indigenous_Exhibit_028-Large.jpeg&#039;)\">\n\n\t\t\t\n\t\t\t\t\t<\/div>\n\t\t\t\t\t\t\t\t<\/div>\n\t\t\t\t\t\t\t\t\t\t\t<div class=\"swiper-slide\" role=\"group\" aria-roledescription=\"slide\">\n\t\t\t\t\t\t\t\t\t<div class=\"elementor-carousel-image\" role=\"img\" aria-label=\"Newberry Library Indigenous Chicago exhibition opening and community reception, September 12, 2024\n\nIndigenous Chicago Exhibition\" style=\"background-image: url(&#039;https:\/\/test.newberry.org\/indigenous-chicago\/wp-content\/uploads\/2024\/10\/Indigenous_Exhibit_018-Large.jpeg&#039;)\">\n\n\t\t\t\n\t\t\t\t\t<\/div>\n\t\t\t\t\t\t\t\t<\/div>\n\t\t\t\t\t\t\t\t\t\t\t<div class=\"swiper-slide\" role=\"group\" aria-roledescription=\"slide\">\n\t\t\t\t\t\t\t\t\t<div class=\"elementor-carousel-image\" role=\"img\" aria-label=\"Newberry Library Indigenous Chicago exhibition opening and community reception, September 12, 2024\n\nIndigenous Chicago Exhibition\" style=\"background-image: url(&#039;https:\/\/test.newberry.org\/indigenous-chicago\/wp-content\/uploads\/2024\/10\/Indigenous_Exhibit_016-Large.jpeg&#039;)\">\n\n\t\t\t\n\t\t\t\t\t<\/div>\n\t\t\t\t\t\t\t\t<\/div>\n\t\t\t\t\t\t\t\t\t\t\t<div class=\"swiper-slide\" role=\"group\" aria-roledescription=\"slide\">\n\t\t\t\t\t\t\t\t\t<div class=\"elementor-carousel-image\" role=\"img\" aria-label=\"Newberry Library Indigenous Chicago exhibition opening and community reception, September 12, 2024\n\nIndigenous Chicago Exhibition\" style=\"background-image: url(&#039;https:\/\/test.newberry.org\/indigenous-chicago\/wp-content\/uploads\/2024\/10\/Indigenous_Exhibit_023-Large.jpeg&#039;)\">\n\n\t\t\t\n\t\t\t\t\t<\/div>\n\t\t\t\t\t\t\t\t<\/div>\n\t\t\t\t\t\t\t\t\t\t\t<div class=\"swiper-slide\" role=\"group\" aria-roledescription=\"slide\">\n\t\t\t\t\t\t\t\t\t<div class=\"elementor-carousel-image\" role=\"img\" aria-label=\"Newberry Library Indigenous Chicago exhibition opening and community reception, September 12, 2024\n\nIndigenous Chicago Exhibition\" style=\"background-image: url(&#039;https:\/\/test.newberry.org\/indigenous-chicago\/wp-content\/uploads\/2024\/10\/Indigenous_Exhibit_017-Large.jpeg&#039;)\">\n\n\t\t\t\n\t\t\t\t\t<\/div>\n\t\t\t\t\t\t\t\t<\/div>\n\t\t\t\t\t\t\t\t\t\t\t<div class=\"swiper-slide\" role=\"group\" aria-roledescription=\"slide\">\n\t\t\t\t\t\t\t\t\t<div class=\"elementor-carousel-image\" role=\"img\" aria-label=\"Newberry Library Indigenous Chicago exhibition opening and community reception, September 12, 2024\n\nIndigenous Chicago Exhibition\" style=\"background-image: url(&#039;https:\/\/test.newberry.org\/indigenous-chicago\/wp-content\/uploads\/2024\/10\/Indigenous_Exhibit_020-Large.jpeg&#039;)\">\n\n\t\t\t\n\t\t\t\t\t<\/div>\n\t\t\t\t\t\t\t\t<\/div>\n\t\t\t\t\t\t\t\t\t\t\t<div class=\"swiper-slide\" role=\"group\" aria-roledescription=\"slide\">\n\t\t\t\t\t\t\t\t\t<div class=\"elementor-carousel-image\" role=\"img\" aria-label=\"Newberry Library Indigenous Chicago exhibition opening and community reception, September 12, 2024\n\nIndigenous Chicago Exhibition\" style=\"background-image: url(&#039;https:\/\/test.newberry.org\/indigenous-chicago\/wp-content\/uploads\/2024\/10\/Indigenous_Exhibit_003-Large.jpeg&#039;)\">\n\n\t\t\t\n\t\t\t\t\t<\/div>\n\t\t\t\t\t\t\t\t<\/div>\n\t\t\t\t\t\t\t\t\t\t\t<div class=\"swiper-slide\" role=\"group\" aria-roledescription=\"slide\">\n\t\t\t\t\t\t\t\t\t<div class=\"elementor-carousel-image\" role=\"img\" aria-label=\"Newberry Library Indigenous Chicago exhibition opening and community reception, September 12, 2024\n\nIndigenous Chicago Exhibition\" style=\"background-image: url(&#039;https:\/\/test.newberry.org\/indigenous-chicago\/wp-content\/uploads\/2024\/10\/Indigenous_Exhibit_007-Large.jpeg&#039;)\">\n\n\t\t\t\n\t\t\t\t\t<\/div>\n\t\t\t\t\t\t\t\t<\/div>\n\t\t\t\t\t\t\t\t\t<\/div>\n\t\t\t\t\t\t\t\t\t\t\t\t\t\t\t<div class=\"elementor-swiper-button elementor-swiper-button-prev\" role=\"button\" tabindex=\"0\" aria-label=\"Previous\">\n\t\t\t\t\t\t\t<svg aria-hidden=\"true\" class=\"e-font-icon-svg e-eicon-chevron-left\" viewBox=\"0 0 1000 1000\" xmlns=\"http:\/\/www.w3.org\/2000\/svg\"><path d=\"M646 125C629 125 613 133 604 142L308 442C296 454 292 471 292 487 292 504 296 521 308 533L604 854C617 867 629 875 646 875 663 875 679 871 692 858 704 846 713 829 713 812 713 796 708 779 692 767L438 487 692 225C700 217 708 204 708 187 708 171 704 154 692 142 675 129 663 125 646 125Z\"><\/path><\/svg>\t\t\t\t\t\t<\/div>\n\t\t\t\t\t\t<div class=\"elementor-swiper-button elementor-swiper-button-next\" role=\"button\" tabindex=\"0\" aria-label=\"Next\">\n\t\t\t\t\t\t\t<svg aria-hidden=\"true\" class=\"e-font-icon-svg e-eicon-chevron-right\" viewBox=\"0 0 1000 1000\" xmlns=\"http:\/\/www.w3.org\/2000\/svg\"><path d=\"M696 533C708 521 713 504 713 487 713 471 708 454 696 446L400 146C388 133 375 125 354 125 338 125 325 129 313 142 300 154 292 171 292 187 292 204 296 221 308 233L563 492 304 771C292 783 288 800 288 817 288 833 296 850 308 863 321 871 338 875 354 875 371 875 388 867 400 854L696 533Z\"><\/path><\/svg>\t\t\t\t\t\t<\/div>\n\t\t\t\t\t\t\t\t\t\t\t\t\t\t\t\t<div class=\"swiper-pagination\"><\/div>\n\t\t\t\t\t\t\t\t\t\t\t\t<\/div>\n\t\t\t\t<\/div>\n\t\t\t\t\t\t\t\t<\/div>\n\t\t\t\t<\/div>\n\t\t\t\t\t<\/div>\n\t\t\t\t<\/div>\n\t\t<div class=\"elementor-element elementor-element-0a36e3a e-con-full e-flex e-con e-parent\" data-id=\"0a36e3a\" data-element_type=\"container\" data-e-type=\"container\">\n\t\t<div class=\"elementor-element elementor-element-315ea6d e-con-full e-flex e-con e-child\" data-id=\"315ea6d\" data-element_type=\"container\" data-e-type=\"container\" data-settings=\"{&quot;background_background&quot;:&quot;classic&quot;}\">\n\t\t\t\t<\/div>\n\t\t\t\t<\/div>\n\t\t\t\t<\/div>\n\t\t","protected":false},"excerpt":{"rendered":"<p>Drawing largely on the Newberry\u2019s collection while also showcasing new work by contemporary Native artists, the Indigenous Chicago exhibition emphasizes the deep connections Native people have always had with this place.<\/p>\n","protected":false},"author":1,"featured_media":2162,"parent":0,"menu_order":0,"comment_status":"closed","ping_status":"closed","template":"","meta":{"_monsterinsights_skip_tracking":false,"_monsterinsights_sitenote_active":false,"_monsterinsights_sitenote_note":"","_monsterinsights_sitenote_category":0,"footnotes":""},"class_list":["post-546","page","type-page","status-publish","has-post-thumbnail","hentry"],"yoast_head":"<!-- This site is optimized with the Yoast SEO plugin v27.4 - https:\/\/yoast.com\/product\/yoast-seo-wordpress\/ -->\n<title>Exhibition Overview - Indigenous Chicago<\/title>\n<meta name=\"robots\" content=\"index, follow, max-snippet:-1, max-image-preview:large, max-video-preview:-1\" \/>\n<link rel=\"canonical\" href=\"https:\/\/test.newberry.org\/indigenous-chicago\/exhibition-overview\/\" \/>\n<meta property=\"og:locale\" content=\"en_US\" \/>\n<meta property=\"og:type\" content=\"article\" \/>\n<meta property=\"og:title\" content=\"Exhibition Overview - Indigenous Chicago\" \/>\n<meta property=\"og:description\" content=\"Drawing largely on the Newberry\u2019s collection while also showcasing new work by contemporary Native artists, the Indigenous Chicago exhibition emphasizes the deep connections Native people have always had with this place.\" \/>\n<meta property=\"og:url\" content=\"https:\/\/test.newberry.org\/indigenous-chicago\/exhibition-overview\/\" \/>\n<meta property=\"og:site_name\" content=\"Indigenous Chicago\" \/>\n<meta property=\"article:modified_time\" content=\"2025-05-13T20:17:33+00:00\" \/>\n<meta property=\"og:image\" content=\"https:\/\/test.newberry.org\/indigenous-chicago\/wp-content\/uploads\/2024\/09\/455211198_511165277961988_1822593416788904948_n.jpg\" \/>\n\t<meta property=\"og:image:width\" content=\"1920\" \/>\n\t<meta property=\"og:image:height\" content=\"1080\" \/>\n\t<meta property=\"og:image:type\" content=\"image\/jpeg\" \/>\n<meta name=\"twitter:card\" content=\"summary_large_image\" \/>\n<meta name=\"twitter:label1\" content=\"Est. reading time\" \/>\n\t<meta name=\"twitter:data1\" content=\"2 minutes\" \/>\n<script type=\"application\/ld+json\" class=\"yoast-schema-graph\">{\"@context\":\"https:\\\/\\\/schema.org\",\"@graph\":[{\"@type\":\"WebPage\",\"@id\":\"https:\\\/\\\/test.newberry.org\\\/indigenous-chicago\\\/exhibition-overview\\\/\",\"url\":\"https:\\\/\\\/test.newberry.org\\\/indigenous-chicago\\\/exhibition-overview\\\/\",\"name\":\"Exhibition Overview - Indigenous Chicago\",\"isPartOf\":{\"@id\":\"https:\\\/\\\/test.newberry.org\\\/indigenous-chicago\\\/#website\"},\"primaryImageOfPage\":{\"@id\":\"https:\\\/\\\/test.newberry.org\\\/indigenous-chicago\\\/exhibition-overview\\\/#primaryimage\"},\"image\":{\"@id\":\"https:\\\/\\\/test.newberry.org\\\/indigenous-chicago\\\/exhibition-overview\\\/#primaryimage\"},\"thumbnailUrl\":\"https:\\\/\\\/test.newberry.org\\\/indigenous-chicago\\\/wp-content\\\/uploads\\\/2024\\\/09\\\/455211198_511165277961988_1822593416788904948_n.jpg\",\"datePublished\":\"2024-08-29T18:15:25+00:00\",\"dateModified\":\"2025-05-13T20:17:33+00:00\",\"breadcrumb\":{\"@id\":\"https:\\\/\\\/test.newberry.org\\\/indigenous-chicago\\\/exhibition-overview\\\/#breadcrumb\"},\"inLanguage\":\"en\",\"potentialAction\":[{\"@type\":\"ReadAction\",\"target\":[\"https:\\\/\\\/test.newberry.org\\\/indigenous-chicago\\\/exhibition-overview\\\/\"]}]},{\"@type\":\"ImageObject\",\"inLanguage\":\"en\",\"@id\":\"https:\\\/\\\/test.newberry.org\\\/indigenous-chicago\\\/exhibition-overview\\\/#primaryimage\",\"url\":\"https:\\\/\\\/test.newberry.org\\\/indigenous-chicago\\\/wp-content\\\/uploads\\\/2024\\\/09\\\/455211198_511165277961988_1822593416788904948_n.jpg\",\"contentUrl\":\"https:\\\/\\\/test.newberry.org\\\/indigenous-chicago\\\/wp-content\\\/uploads\\\/2024\\\/09\\\/455211198_511165277961988_1822593416788904948_n.jpg\",\"width\":1920,\"height\":1080},{\"@type\":\"BreadcrumbList\",\"@id\":\"https:\\\/\\\/test.newberry.org\\\/indigenous-chicago\\\/exhibition-overview\\\/#breadcrumb\",\"itemListElement\":[{\"@type\":\"ListItem\",\"position\":1,\"name\":\"Home\",\"item\":\"https:\\\/\\\/test.newberry.org\\\/indigenous-chicago\\\/\"},{\"@type\":\"ListItem\",\"position\":2,\"name\":\"Exhibition Overview\"}]},{\"@type\":\"WebSite\",\"@id\":\"https:\\\/\\\/test.newberry.org\\\/indigenous-chicago\\\/#website\",\"url\":\"https:\\\/\\\/test.newberry.org\\\/indigenous-chicago\\\/\",\"name\":\"Indigenous Chicago\",\"description\":\"\",\"publisher\":{\"@id\":\"https:\\\/\\\/test.newberry.org\\\/indigenous-chicago\\\/#organization\"},\"potentialAction\":[{\"@type\":\"SearchAction\",\"target\":{\"@type\":\"EntryPoint\",\"urlTemplate\":\"https:\\\/\\\/test.newberry.org\\\/indigenous-chicago\\\/?s={search_term_string}\"},\"query-input\":{\"@type\":\"PropertyValueSpecification\",\"valueRequired\":true,\"valueName\":\"search_term_string\"}}],\"inLanguage\":\"en\"},{\"@type\":\"Organization\",\"@id\":\"https:\\\/\\\/test.newberry.org\\\/indigenous-chicago\\\/#organization\",\"name\":\"Indigenous Chicago\",\"url\":\"https:\\\/\\\/test.newberry.org\\\/indigenous-chicago\\\/\",\"logo\":{\"@type\":\"ImageObject\",\"inLanguage\":\"en\",\"@id\":\"https:\\\/\\\/test.newberry.org\\\/indigenous-chicago\\\/#\\\/schema\\\/logo\\\/image\\\/\",\"url\":\"https:\\\/\\\/test.newberry.org\\\/indigenous-chicago\\\/wp-content\\\/uploads\\\/2024\\\/08\\\/Indigenous-Chicago-Log_Del-Real.png\",\"contentUrl\":\"https:\\\/\\\/test.newberry.org\\\/indigenous-chicago\\\/wp-content\\\/uploads\\\/2024\\\/08\\\/Indigenous-Chicago-Log_Del-Real.png\",\"width\":1330,\"height\":1038,\"caption\":\"Indigenous Chicago\"},\"image\":{\"@id\":\"https:\\\/\\\/test.newberry.org\\\/indigenous-chicago\\\/#\\\/schema\\\/logo\\\/image\\\/\"}}]}<\/script>\n<!-- \/ Yoast SEO plugin. -->","yoast_head_json":{"title":"Exhibition Overview - Indigenous Chicago","robots":{"index":"index","follow":"follow","max-snippet":"max-snippet:-1","max-image-preview":"max-image-preview:large","max-video-preview":"max-video-preview:-1"},"canonical":"https:\/\/test.newberry.org\/indigenous-chicago\/exhibition-overview\/","og_locale":"en_US","og_type":"article","og_title":"Exhibition Overview - Indigenous Chicago","og_description":"Drawing largely on the Newberry\u2019s collection while also showcasing new work by contemporary Native artists, the Indigenous Chicago exhibition emphasizes the deep connections Native people have always had with this place.","og_url":"https:\/\/test.newberry.org\/indigenous-chicago\/exhibition-overview\/","og_site_name":"Indigenous Chicago","article_modified_time":"2025-05-13T20:17:33+00:00","og_image":[{"width":1920,"height":1080,"url":"https:\/\/test.newberry.org\/indigenous-chicago\/wp-content\/uploads\/2024\/09\/455211198_511165277961988_1822593416788904948_n.jpg","type":"image\/jpeg"}],"twitter_card":"summary_large_image","twitter_misc":{"Est. reading time":"2 minutes"},"schema":{"@context":"https:\/\/schema.org","@graph":[{"@type":"WebPage","@id":"https:\/\/test.newberry.org\/indigenous-chicago\/exhibition-overview\/","url":"https:\/\/test.newberry.org\/indigenous-chicago\/exhibition-overview\/","name":"Exhibition Overview - Indigenous Chicago","isPartOf":{"@id":"https:\/\/test.newberry.org\/indigenous-chicago\/#website"},"primaryImageOfPage":{"@id":"https:\/\/test.newberry.org\/indigenous-chicago\/exhibition-overview\/#primaryimage"},"image":{"@id":"https:\/\/test.newberry.org\/indigenous-chicago\/exhibition-overview\/#primaryimage"},"thumbnailUrl":"https:\/\/test.newberry.org\/indigenous-chicago\/wp-content\/uploads\/2024\/09\/455211198_511165277961988_1822593416788904948_n.jpg","datePublished":"2024-08-29T18:15:25+00:00","dateModified":"2025-05-13T20:17:33+00:00","breadcrumb":{"@id":"https:\/\/test.newberry.org\/indigenous-chicago\/exhibition-overview\/#breadcrumb"},"inLanguage":"en","potentialAction":[{"@type":"ReadAction","target":["https:\/\/test.newberry.org\/indigenous-chicago\/exhibition-overview\/"]}]},{"@type":"ImageObject","inLanguage":"en","@id":"https:\/\/test.newberry.org\/indigenous-chicago\/exhibition-overview\/#primaryimage","url":"https:\/\/test.newberry.org\/indigenous-chicago\/wp-content\/uploads\/2024\/09\/455211198_511165277961988_1822593416788904948_n.jpg","contentUrl":"https:\/\/test.newberry.org\/indigenous-chicago\/wp-content\/uploads\/2024\/09\/455211198_511165277961988_1822593416788904948_n.jpg","width":1920,"height":1080},{"@type":"BreadcrumbList","@id":"https:\/\/test.newberry.org\/indigenous-chicago\/exhibition-overview\/#breadcrumb","itemListElement":[{"@type":"ListItem","position":1,"name":"Home","item":"https:\/\/test.newberry.org\/indigenous-chicago\/"},{"@type":"ListItem","position":2,"name":"Exhibition Overview"}]},{"@type":"WebSite","@id":"https:\/\/test.newberry.org\/indigenous-chicago\/#website","url":"https:\/\/test.newberry.org\/indigenous-chicago\/","name":"Indigenous Chicago","description":"","publisher":{"@id":"https:\/\/test.newberry.org\/indigenous-chicago\/#organization"},"potentialAction":[{"@type":"SearchAction","target":{"@type":"EntryPoint","urlTemplate":"https:\/\/test.newberry.org\/indigenous-chicago\/?s={search_term_string}"},"query-input":{"@type":"PropertyValueSpecification","valueRequired":true,"valueName":"search_term_string"}}],"inLanguage":"en"},{"@type":"Organization","@id":"https:\/\/test.newberry.org\/indigenous-chicago\/#organization","name":"Indigenous Chicago","url":"https:\/\/test.newberry.org\/indigenous-chicago\/","logo":{"@type":"ImageObject","inLanguage":"en","@id":"https:\/\/test.newberry.org\/indigenous-chicago\/#\/schema\/logo\/image\/","url":"https:\/\/test.newberry.org\/indigenous-chicago\/wp-content\/uploads\/2024\/08\/Indigenous-Chicago-Log_Del-Real.png","contentUrl":"https:\/\/test.newberry.org\/indigenous-chicago\/wp-content\/uploads\/2024\/08\/Indigenous-Chicago-Log_Del-Real.png","width":1330,"height":1038,"caption":"Indigenous Chicago"},"image":{"@id":"https:\/\/test.newberry.org\/indigenous-chicago\/#\/schema\/logo\/image\/"}}]}},"_links":{"self":[{"href":"https:\/\/test.newberry.org\/indigenous-chicago\/wp-json\/wp\/v2\/pages\/546","targetHints":{"allow":["GET"]}}],"collection":[{"href":"https:\/\/test.newberry.org\/indigenous-chicago\/wp-json\/wp\/v2\/pages"}],"about":[{"href":"https:\/\/test.newberry.org\/indigenous-chicago\/wp-json\/wp\/v2\/types\/page"}],"author":[{"embeddable":true,"href":"https:\/\/test.newberry.org\/indigenous-chicago\/wp-json\/wp\/v2\/users\/1"}],"replies":[{"embeddable":true,"href":"https:\/\/test.newberry.org\/indigenous-chicago\/wp-json\/wp\/v2\/comments?post=546"}],"version-history":[{"count":43,"href":"https:\/\/test.newberry.org\/indigenous-chicago\/wp-json\/wp\/v2\/pages\/546\/revisions"}],"predecessor-version":[{"id":3291,"href":"https:\/\/test.newberry.org\/indigenous-chicago\/wp-json\/wp\/v2\/pages\/546\/revisions\/3291"}],"wp:featuredmedia":[{"embeddable":true,"href":"https:\/\/test.newberry.org\/indigenous-chicago\/wp-json\/wp\/v2\/media\/2162"}],"wp:attachment":[{"href":"https:\/\/test.newberry.org\/indigenous-chicago\/wp-json\/wp\/v2\/media?parent=546"}],"curies":[{"name":"wp","href":"https:\/\/api.w.org\/{rel}","templated":true}]}}